{"id":1316,"date":"2026-02-12T18:31:09","date_gmt":"2026-02-12T17:31:09","guid":{"rendered":"https:\/\/bekuik.com\/frequently-asked-questions\/"},"modified":"2026-02-17T18:21:57","modified_gmt":"2026-02-17T17:21:57","slug":"frequently-asked-questions","status":"publish","type":"page","link":"https:\/\/bekuik.com\/en\/frequently-asked-questions\/","title":{"rendered":"Frequently Asked Questions<br><br>"},"content":{"rendered":"<p><div class=\"fusion-fullwidth fullwidth-box fusion-builder-row-1 fusion-flex-container has-pattern-background has-mask-background fusion-parallax-none nonhundred-percent-fullwidth non-hundred-percent-height-scrolling lazyload\" style=\"--awb-background-position:center top;--awb-border-radius-top-left:0px;--awb-border-radius-top-right:0px;--awb-border-radius-bottom-right:0px;--awb-border-radius-bottom-left:0px;--awb-padding-top:50px;--awb-padding-bottom:40px;--awb-padding-top-medium:80px;--awb-padding-bottom-medium:80px;--awb-padding-top-small:25px;--awb-padding-bottom-small:0px;--awb-background-color:#eaeaea;--awb-background-size:cover;--awb-flex-wrap:wrap;\" data-bg=\"https:\/\/bekuik.com\/wp-content\/uploads\/2023\/04\/info-bg.svg\" ><div class=\"fusion-builder-row fusion-row fusion-flex-align-items-stretch fusion-flex-justify-content-center fusion-flex-content-wrap\" style=\"max-width:1248px;margin-left: calc(-4% \/ 2 );margin-right: calc(-4% \/ 2 );\"><div class=\"fusion-layout-column fusion_builder_column fusion-builder-column-0 fusion_builder_column_5_6 5_6 fusion-flex-column\" style=\"--awb-bg-size:cover;--awb-width-large:83.333333333333%;--awb-margin-top-large:0px;--awb-spacing-right-large:2.304%;--awb-margin-bottom-large:0px;--awb-spacing-left-large:2.304%;--awb-width-medium:83.333333333333%;--awb-order-medium:0;--awb-spacing-right-medium:2.304%;--awb-spacing-left-medium:2.304%;--awb-width-small:100%;--awb-order-small:0;--awb-spacing-right-small:1.92%;--awb-spacing-left-small:1.92%;\"><div class=\"fusion-column-wrapper fusion-column-has-shadow fusion-flex-justify-content-flex-start fusion-content-layout-column\"><div class=\"fusion-title title fusion-title-1 fusion-sep-none fusion-title-center fusion-title-text fusion-title-size-two\" style=\"--awb-text-color:var(--awb-color6);--awb-margin-top:0px;--awb-margin-bottom:5px;--awb-margin-top-small:5px;--awb-font-size:16px;\"><h2 class=\"fusion-title-heading title-heading-center fusion-responsive-typography-calculated\" style=\"font-family:&quot;Poppins&quot;;font-style:normal;font-weight:400;margin:0;letter-spacing:4px;text-transform:uppercase;font-size:1em;--fontSize:16;--minFontSize:16;line-height:1.3;\">Frequently Asked Questions<\/h2><\/div><div class=\"fusion-title title fusion-title-2 fusion-sep-none fusion-title-center fusion-title-text fusion-title-size-div\" style=\"--awb-text-color:var(--awb-color6);--awb-margin-top:5px;--awb-margin-bottom:30px;--awb-margin-bottom-small:30px;--awb-font-size:45px;\"><div class=\"fusion-title-heading title-heading-center title-heading-tag fusion-responsive-typography-calculated\" style=\"font-family:&quot;Poppins&quot;;font-style:normal;font-weight:600;margin:0;text-transform:none;font-size:1em;--fontSize:45;line-height:1;\">Get your questions answered<\/div><\/div><div class=\"accordian fusion-accordian\" style=\"--awb-padding-top:5px;--awb-padding-bottom:5px;--awb-border-size:1px;--awb-icon-size:16px;--awb-content-font-size:16px;--awb-icon-alignment:left;--awb-hover-color:var(--awb-color2);--awb-border-color:var(--awb-color3);--awb-background-color:var(--awb-color1);--awb-divider-color:rgba(129,137,147,0.45);--awb-divider-hover-color:var(--awb-color3);--awb-icon-color:var(--awb-color1);--awb-title-color:var(--awb-color6);--awb-content-color:var(--awb-color6);--awb-icon-box-color:var(--awb-color6);--awb-toggle-hover-accent-color:var(--awb-color4);--awb-title-font-family:&quot;Poppins&quot;;--awb-title-font-weight:500;--awb-title-font-style:normal;--awb-title-font-size:16px;--awb-title-letter-spacing:0.2px;--awb-title-text-transform:none;--awb-content-font-family:var(--awb-typography4-font-family);--awb-content-font-weight:var(--awb-typography4-font-weight);--awb-content-font-style:var(--awb-typography4-font-style);\"><div class=\"panel-group fusion-toggle-icon-boxed\" id=\"accordion-1316-1\"><div class=\"fusion-panel panel-default panel-516c5f866eeb19f04 fusion-toggle-has-divider\"><div class=\"panel-heading\"><h2 class=\"panel-title toggle\" id=\"toggle_516c5f866eeb19f04\"><a aria-expanded=\"false\" aria-controls=\"516c5f866eeb19f04\" role=\"button\" data-toggle=\"collapse\" data-parent=\"#accordion-1316-1\" data-target=\"#516c5f866eeb19f04\" href=\"#516c5f866eeb19f04\"><span class=\"fusion-toggle-icon-wrapper\" aria-hidden=\"true\"><i class=\"fa-fusion-box active-icon awb-icon-minus\" aria-hidden=\"true\"><\/i><i class=\"fa-fusion-box inactive-icon awb-icon-plus\" aria-hidden=\"true\"><\/i><\/span><span class=\"fusion-toggle-heading\">What is the difference between a standard e-bike and an S-Pedelec?<\/span><\/a><\/h2><\/div><div id=\"516c5f866eeb19f04\" class=\"panel-collapse collapse \" aria-labelledby=\"toggle_516c5f866eeb19f04\"><div class=\"panel-body toggle-content fusion-clearfix\">\n<p>A conventional e-bike is limited to 25 km\/h with a motor power of up to 250 W. An S-Pedelec can exceed 250 W and provide pedal assistance up to 45 km\/h.<\/p>\n<p><i>Bekuik Delivery <\/i>can be configured in both modes: as a standard e-bike up to 25 km\/h with a 250 W limit, or as an <i>S-Pedelec<\/i> exceeding 250 W and assisting up to 45 km\/h, adapting to different needs and regulations.  <\/p>\n<\/div><\/div><\/div><div class=\"fusion-panel panel-default panel-08a650f262a4e2737 fusion-toggle-has-divider\"><div class=\"panel-heading\"><h2 class=\"panel-title toggle\" id=\"toggle_08a650f262a4e2737\"><a aria-expanded=\"false\" aria-controls=\"08a650f262a4e2737\" role=\"button\" data-toggle=\"collapse\" data-parent=\"#accordion-1316-1\" data-target=\"#08a650f262a4e2737\" href=\"#08a650f262a4e2737\"><span class=\"fusion-toggle-icon-wrapper\" aria-hidden=\"true\"><i class=\"fa-fusion-box active-icon awb-icon-minus\" aria-hidden=\"true\"><\/i><i class=\"fa-fusion-box inactive-icon awb-icon-plus\" aria-hidden=\"true\"><\/i><\/span><span class=\"fusion-toggle-heading\">Do I need a driving license to use Bekuik?<\/span><\/a><\/h2><\/div><div id=\"08a650f262a4e2737\" class=\"panel-collapse collapse \" aria-labelledby=\"toggle_08a650f262a4e2737\"><div class=\"panel-body toggle-content fusion-clearfix\">\n<p>When operating as an <i>S-Pedelec<\/i>, it falls under category L1e-B and follows moped regulations. As a conventional e-bike, no license is required. <\/p>\n<\/div><\/div><\/div><div class=\"fusion-panel panel-default panel-602e236a2011d515f fusion-toggle-has-divider\"><div class=\"panel-heading\"><h2 class=\"panel-title toggle\" id=\"toggle_602e236a2011d515f\"><a aria-expanded=\"false\" aria-controls=\"602e236a2011d515f\" role=\"button\" data-toggle=\"collapse\" data-parent=\"#accordion-1316-1\" data-target=\"#602e236a2011d515f\" href=\"#602e236a2011d515f\"><span class=\"fusion-toggle-icon-wrapper\" aria-hidden=\"true\"><i class=\"fa-fusion-box active-icon awb-icon-minus\" aria-hidden=\"true\"><\/i><i class=\"fa-fusion-box inactive-icon awb-icon-plus\" aria-hidden=\"true\"><\/i><\/span><span class=\"fusion-toggle-heading\">Can I use Bekuik for any type of delivery?<\/span><\/a><\/h2><\/div><div id=\"602e236a2011d515f\" class=\"panel-collapse collapse \" aria-labelledby=\"toggle_602e236a2011d515f\"><div class=\"panel-body toggle-content fusion-clearfix\">\n<p>Yes, it is designed for food delivery, groceries, parapharmacy products and especially last-mile logistics.<\/p>\n<\/div><\/div><\/div><div class=\"fusion-panel panel-default panel-4fb9208a655d0e358 fusion-toggle-has-divider\"><div class=\"panel-heading\"><h2 class=\"panel-title toggle\" id=\"toggle_4fb9208a655d0e358\"><a aria-expanded=\"false\" aria-controls=\"4fb9208a655d0e358\" role=\"button\" data-toggle=\"collapse\" data-parent=\"#accordion-1316-1\" data-target=\"#4fb9208a655d0e358\" href=\"#4fb9208a655d0e358\"><span class=\"fusion-toggle-icon-wrapper\" aria-hidden=\"true\"><i class=\"fa-fusion-box active-icon awb-icon-minus\" aria-hidden=\"true\"><\/i><i class=\"fa-fusion-box inactive-icon awb-icon-plus\" aria-hidden=\"true\"><\/i><\/span><span class=\"fusion-toggle-heading\">Is the cargo box fixed or removable?<\/span><\/a><\/h2><\/div><div id=\"4fb9208a655d0e358\" class=\"panel-collapse collapse \" aria-labelledby=\"toggle_4fb9208a655d0e358\"><div class=\"panel-body toggle-content fusion-clearfix\">\n<p>La parrilla es robusta con el sistema <i>MIK ClickGo<\/i> integrado. Se puede instalar un caj\u00f3n que es <span style=\"letter-spacing: 0.24px; background-color: rgba(0, 0, 0, 0);\">f\u00e1cilmente extra\u00edble y as\u00ed la bici puede usarse con y sin caj\u00f3n.<\/span> <\/p>\n<\/div><\/div><\/div><div class=\"fusion-panel panel-default panel-cb7e6afe41adc27a5 fusion-toggle-has-divider\"><div class=\"panel-heading\"><h2 class=\"panel-title toggle\" id=\"toggle_cb7e6afe41adc27a5\"><a aria-expanded=\"false\" aria-controls=\"cb7e6afe41adc27a5\" role=\"button\" data-toggle=\"collapse\" data-parent=\"#accordion-1316-1\" data-target=\"#cb7e6afe41adc27a5\" href=\"#cb7e6afe41adc27a5\"><span class=\"fusion-toggle-icon-wrapper\" aria-hidden=\"true\"><i class=\"fa-fusion-box active-icon awb-icon-minus\" aria-hidden=\"true\"><\/i><i class=\"fa-fusion-box inactive-icon awb-icon-plus\" aria-hidden=\"true\"><\/i><\/span><span class=\"fusion-toggle-heading\">What is the typical range of Bekuik?<\/span><\/a><\/h2><\/div><div id=\"cb7e6afe41adc27a5\" class=\"panel-collapse collapse \" aria-labelledby=\"toggle_cb7e6afe41adc27a5\"><div class=\"panel-body toggle-content fusion-clearfix\">\n<p><span style=\"letter-spacing: 0.24px; background-color: rgba(0, 0, 0, 0);\">Range depends on terrain conditions, but average values are:<br \/><\/span><\/p>\n<\/p>\n<ul>\n<li><span style=\"letter-spacing: 0.24px; background-color: rgba(0, 0, 0, 0);\">120 km at 25 km\/h<\/span><\/li>\n<li>90 km at 45 km\/h<\/li>\n<\/ul>\n<\/p>\n<\/div><\/div><\/div><div class=\"fusion-panel panel-default panel-6034635d951bef126 fusion-toggle-has-divider\"><div class=\"panel-heading\"><h2 class=\"panel-title toggle\" id=\"toggle_6034635d951bef126\"><a aria-expanded=\"false\" aria-controls=\"6034635d951bef126\" role=\"button\" data-toggle=\"collapse\" data-parent=\"#accordion-1316-1\" data-target=\"#6034635d951bef126\" href=\"#6034635d951bef126\"><span class=\"fusion-toggle-icon-wrapper\" aria-hidden=\"true\"><i class=\"fa-fusion-box active-icon awb-icon-minus\" aria-hidden=\"true\"><\/i><i class=\"fa-fusion-box inactive-icon awb-icon-plus\" aria-hidden=\"true\"><\/i><\/span><span class=\"fusion-toggle-heading\">What are the maintenance costs?<\/span><\/a><\/h2><\/div><div id=\"6034635d951bef126\" class=\"panel-collapse collapse \" aria-labelledby=\"toggle_6034635d951bef126\"><div class=\"panel-body toggle-content fusion-clearfix\">\n<p>Maintenance costs are comparable to a conventional bicycle and significantly lower than a motorbike.<\/p>\n<\/p>\n<\/div><\/div><\/div><div class=\"fusion-panel panel-default panel-b77dc7c97fdc5515c fusion-toggle-has-divider\"><div class=\"panel-heading\"><h2 class=\"panel-title toggle\" id=\"toggle_b77dc7c97fdc5515c\"><a aria-expanded=\"false\" aria-controls=\"b77dc7c97fdc5515c\" role=\"button\" data-toggle=\"collapse\" data-parent=\"#accordion-1316-1\" data-target=\"#b77dc7c97fdc5515c\" href=\"#b77dc7c97fdc5515c\"><span class=\"fusion-toggle-icon-wrapper\" aria-hidden=\"true\"><i class=\"fa-fusion-box active-icon awb-icon-minus\" aria-hidden=\"true\"><\/i><i class=\"fa-fusion-box inactive-icon awb-icon-plus\" aria-hidden=\"true\"><\/i><\/span><span class=\"fusion-toggle-heading\">Do you offer trials or demos?<\/span><\/a><\/h2><\/div><div id=\"b77dc7c97fdc5515c\" class=\"panel-collapse collapse \" aria-labelledby=\"toggle_b77dc7c97fdc5515c\"><div class=\"panel-body toggle-content fusion-clearfix\">\n<p>Yes, real-world trials are conducted with businesses. Sign up through our form and we will contact you. <\/p>\n<\/p>\n<\/div><\/div><\/div><div class=\"fusion-panel panel-default panel-cf7e62fa538616923 fusion-toggle-has-divider\"><div class=\"panel-heading\"><h2 class=\"panel-title toggle\" id=\"toggle_cf7e62fa538616923\"><a aria-expanded=\"false\" aria-controls=\"cf7e62fa538616923\" role=\"button\" data-toggle=\"collapse\" data-parent=\"#accordion-1316-1\" data-target=\"#cf7e62fa538616923\" href=\"#cf7e62fa538616923\"><span class=\"fusion-toggle-icon-wrapper\" aria-hidden=\"true\"><i class=\"fa-fusion-box active-icon awb-icon-minus\" aria-hidden=\"true\"><\/i><i class=\"fa-fusion-box inactive-icon awb-icon-plus\" aria-hidden=\"true\"><\/i><\/span><span class=\"fusion-toggle-heading\">What guarantees or technical support do you offer?<\/span><\/a><\/h2><\/div><div id=\"cf7e62fa538616923\" class=\"panel-collapse collapse \" aria-labelledby=\"toggle_cf7e62fa538616923\"><div class=\"panel-body toggle-content fusion-clearfix\">\n<p>We have a network of collaborators to offer optimal maintenance service.<\/p>\n<\/p>\n<\/div><\/div><\/div><div class=\"fusion-panel panel-default panel-e482c368231e6dfb6 fusion-toggle-has-divider\"><div class=\"panel-heading\"><h2 class=\"panel-title toggle\" id=\"toggle_e482c368231e6dfb6\"><a aria-expanded=\"false\" aria-controls=\"e482c368231e6dfb6\" role=\"button\" data-toggle=\"collapse\" data-parent=\"#accordion-1316-1\" data-target=\"#e482c368231e6dfb6\" href=\"#e482c368231e6dfb6\"><span class=\"fusion-toggle-icon-wrapper\" aria-hidden=\"true\"><i class=\"fa-fusion-box active-icon awb-icon-minus\" aria-hidden=\"true\"><\/i><i class=\"fa-fusion-box inactive-icon awb-icon-plus\" aria-hidden=\"true\"><\/i><\/span><span class=\"fusion-toggle-heading\">Is it suitable for large fleets?<\/span><\/a><\/h2><\/div><div id=\"e482c368231e6dfb6\" class=\"panel-collapse collapse \" aria-labelledby=\"toggle_e482c368231e6dfb6\"><div class=\"panel-body toggle-content fusion-clearfix\">\n<p>Yes, it is designed to integrate into delivery fleets of different sizes. El tama\u00f1o de la flota depende del tama\u00f1o del <span style=\"letter-spacing: 0.24px; background-color: rgba(0, 0, 0, 0);\">establecimiento.<\/span><\/p>\n<\/p>\n<\/div><\/div><\/div><div class=\"fusion-panel panel-default panel-f054e808a196474cb fusion-toggle-has-divider\"><div class=\"panel-heading\"><h2 class=\"panel-title toggle\" id=\"toggle_f054e808a196474cb\"><a aria-expanded=\"false\" aria-controls=\"f054e808a196474cb\" role=\"button\" data-toggle=\"collapse\" data-parent=\"#accordion-1316-1\" data-target=\"#f054e808a196474cb\" href=\"#f054e808a196474cb\"><span class=\"fusion-toggle-icon-wrapper\" aria-hidden=\"true\"><i class=\"fa-fusion-box active-icon awb-icon-minus\" aria-hidden=\"true\"><\/i><i class=\"fa-fusion-box inactive-icon awb-icon-plus\" aria-hidden=\"true\"><\/i><\/span><span class=\"fusion-toggle-heading\">What advantages does Bekuik Delivery offer my business?<\/span><\/a><\/h2><\/div><div id=\"f054e808a196474cb\" class=\"panel-collapse collapse \" aria-labelledby=\"toggle_f054e808a196474cb\"><div class=\"panel-body toggle-content fusion-clearfix\">\n<p>Lower maintenance costs, greater urban agility, access to restricted zones and improved brand visibility as a sustainable business.<\/p>\n<\/p>\n<\/div><\/div><\/div><div class=\"fusion-panel panel-default panel-db74cb6b14c4f45f7 fusion-toggle-has-divider\"><div class=\"panel-heading\"><h2 class=\"panel-title toggle\" id=\"toggle_db74cb6b14c4f45f7\"><a aria-expanded=\"false\" aria-controls=\"db74cb6b14c4f45f7\" role=\"button\" data-toggle=\"collapse\" data-parent=\"#accordion-1316-1\" data-target=\"#db74cb6b14c4f45f7\" href=\"#db74cb6b14c4f45f7\"><span class=\"fusion-toggle-icon-wrapper\" aria-hidden=\"true\"><i class=\"fa-fusion-box active-icon awb-icon-minus\" aria-hidden=\"true\"><\/i><i class=\"fa-fusion-box inactive-icon awb-icon-plus\" aria-hidden=\"true\"><\/i><\/span><span class=\"fusion-toggle-heading\">What advantages does Bekuik UrbanGo offer in daily use?<\/span><\/a><\/h2><\/div><div id=\"db74cb6b14c4f45f7\" class=\"panel-collapse collapse \" aria-labelledby=\"toggle_db74cb6b14c4f45f7\"><div class=\"panel-body toggle-content fusion-clearfix\">\n<p>The motor\u2019s power and speed allow faster daily travel, <span style=\"letter-spacing: 0.24px; background-color: rgba(0, 0, 0, 0);\">especially on interurban routes and challenging terrain.<\/span><\/p>\n<\/p>\n<\/div><\/div><\/div><\/div><\/div><\/div><\/div><\/div><\/div><div class=\"fusion-fullwidth fullwidth-box fusion-builder-row-2 fusion-flex-container has-pattern-background has-mask-background fusion-parallax-none nonhundred-percent-fullwidth non-hundred-percent-height-scrolling fusion-animated\" style=\"--awb-border-radius-top-left:0px;--awb-border-radius-top-right:0px;--awb-border-radius-bottom-right:0px;--awb-border-radius-bottom-left:0px;--awb-padding-top:120px;--awb-padding-bottom:120px;--awb-padding-top-small:50px;--awb-padding-bottom-small:50px;--awb-background-color:var(--awb-color6);--awb-background-image:linear-gradient(180deg, rgba(42,58,81,0.95) 0%,rgba(42,58,81,0.7) 100%),url(https:\/\/bekuik.com\/wp-content\/uploads\/2026\/02\/Bekuik-Delivery-Vehiculo-urbano-de-reparto_03.jpg);;--awb-background-size:cover;--awb-flex-wrap:wrap;--awb-flex-wrap-small:nowrap;--awb-animation-color:var(--awb-color6);\" data-preload-img=\"https:\/\/bekuik.com\/wp-content\/uploads\/2026\/02\/Bekuik-Delivery-Vehiculo-urbano-de-reparto_03.jpg\" data-animationType=\"revealInLeft\" data-animationDuration=\"1.3\" data-animationOffset=\"top-into-view\" ><div class=\"fusion-builder-row fusion-row fusion-flex-align-items-stretch fusion-flex-justify-content-center fusion-flex-content-wrap\" style=\"max-width:calc( 1200px + 0px );margin-left: calc(-0px \/ 2 );margin-right: calc(-0px \/ 2 );\"><div class=\"fusion-layout-column fusion_builder_column fusion-builder-column-1 fusion_builder_column_1_1 1_1 fusion-flex-column\" style=\"--awb-bg-size:cover;--awb-width-large:100%;--awb-margin-top-large:0px;--awb-spacing-right-large:0px;--awb-margin-bottom-large:0px;--awb-spacing-left-large:0px;--awb-width-medium:100%;--awb-order-medium:0;--awb-spacing-right-medium:0px;--awb-spacing-left-medium:0px;--awb-width-small:100%;--awb-order-small:0;--awb-spacing-right-small:0px;--awb-spacing-left-small:0px;\"><div class=\"fusion-column-wrapper fusion-column-has-shadow fusion-flex-justify-content-flex-start fusion-content-layout-column\"><div class=\"fusion-image-element \" style=\"text-align:center;--awb-max-width:350px;--awb-caption-title-font-family:var(--h2_typography-font-family);--awb-caption-title-font-weight:var(--h2_typography-font-weight);--awb-caption-title-font-style:var(--h2_typography-font-style);--awb-caption-title-size:var(--h2_typography-font-size);--awb-caption-title-transform:var(--h2_typography-text-transform);--awb-caption-title-line-height:var(--h2_typography-line-height);--awb-caption-title-letter-spacing:var(--h2_typography-letter-spacing);\"><span class=\" fusion-imageframe imageframe-none imageframe-1 hover-type-none\"><img decoding=\"async\" width=\"2364\" height=\"691\" alt=\"Bekuik-Veh\u00edculo para reparto urbano\" title=\"Bekuik-Veh\u00edculo para reparto urbano\" src=\"https:\/\/bekuik.com\/wp-content\/uploads\/2025\/12\/Bekuik_WY.png\" data-orig-src=\"https:\/\/bekuik.com\/wp-content\/uploads\/2025\/12\/Bekuik_WY.png\" class=\"lazyload img-responsive wp-image-1292\" srcset=\"data:image\/svg+xml,%3Csvg%20xmlns%3D%27http%3A%2F%2Fwww.w3.org%2F2000%2Fsvg%27%20width%3D%272364%27%20height%3D%27691%27%20viewBox%3D%270%200%202364%20691%27%3E%3Crect%20width%3D%272364%27%20height%3D%27691%27%20fill-opacity%3D%220%22%2F%3E%3C%2Fsvg%3E\" data-srcset=\"https:\/\/bekuik.com\/wp-content\/uploads\/2025\/12\/Bekuik_WY-200x58.png 200w, https:\/\/bekuik.com\/wp-content\/uploads\/2025\/12\/Bekuik_WY-400x117.png 400w, https:\/\/bekuik.com\/wp-content\/uploads\/2025\/12\/Bekuik_WY-600x175.png 600w, https:\/\/bekuik.com\/wp-content\/uploads\/2025\/12\/Bekuik_WY-800x234.png 800w, https:\/\/bekuik.com\/wp-content\/uploads\/2025\/12\/Bekuik_WY-1200x351.png 1200w, https:\/\/bekuik.com\/wp-content\/uploads\/2025\/12\/Bekuik_WY.png 2364w\" data-sizes=\"auto\" data-orig-sizes=\"(max-width: 640px) 100vw, 2364px\" \/><\/span><\/div><\/div><\/div><\/div><\/div><\/p>\n","protected":false},"excerpt":{"rendered":"","protected":false},"author":1,"featured_media":0,"parent":0,"menu_order":4,"comment_status":"closed","ping_status":"closed","template":"100-width.php","meta":{"footnotes":""},"class_list":["post-1316","page","type-page","status-publish","hentry"],"_links":{"self":[{"href":"https:\/\/bekuik.com\/en\/wp-json\/wp\/v2\/pages\/1316","targetHints":{"allow":["GET"]}}],"collection":[{"href":"https:\/\/bekuik.com\/en\/wp-json\/wp\/v2\/pages"}],"about":[{"href":"https:\/\/bekuik.com\/en\/wp-json\/wp\/v2\/types\/page"}],"author":[{"embeddable":true,"href":"https:\/\/bekuik.com\/en\/wp-json\/wp\/v2\/users\/1"}],"replies":[{"embeddable":true,"href":"https:\/\/bekuik.com\/en\/wp-json\/wp\/v2\/comments?post=1316"}],"version-history":[{"count":3,"href":"https:\/\/bekuik.com\/en\/wp-json\/wp\/v2\/pages\/1316\/revisions"}],"predecessor-version":[{"id":1319,"href":"https:\/\/bekuik.com\/en\/wp-json\/wp\/v2\/pages\/1316\/revisions\/1319"}],"wp:attachment":[{"href":"https:\/\/bekuik.com\/en\/wp-json\/wp\/v2\/media?parent=1316"}],"curies":[{"name":"wp","href":"https:\/\/api.w.org\/{rel}","templated":true}]}}